{"id":25219,"date":"2021-08-06T14:15:21","date_gmt":"2021-08-06T12:15:21","guid":{"rendered":"http:\/\/edustar.fr\/?page_id=25219"},"modified":"2024-03-09T16:19:09","modified_gmt":"2024-03-09T15:19:09","slug":"elementor-25219","status":"publish","type":"page","link":"https:\/\/edustar.fr\/?page_id=25219","title":{"rendered":"Elementor #25219"},"content":{"rendered":"\t\t<div data-elementor-type=\"wp-page\" data-elementor-id=\"25219\" class=\"elementor elementor-25219\" data-elementor-settings=\"[]\">\n\t\t\t\t\t\t\t<div class=\"elementor-section-wrap\">\n\t\t\t\t\t\t\t<section class=\"elementor-section elementor-top-section elementor-element elementor-element-628d6384 elementor-section-content-middle elementor-section-boxed elementor-section-height-default elementor-section-height-default\" data-id=\"628d6384\" data-element_type=\"section\">\n\t\t\t\t\t\t\t<div class=\"elementor-background-overlay\"><\/div>\n\t\t\t\t\t\t\t<div class=\"elementor-container elementor-column-gap-no\">\n\t\t\t\t\t<div class=\"elementor-column elementor-col-100 elementor-top-column elementor-element elementor-element-39a499b0\" data-id=\"39a499b0\" data-element_type=\"column\">\n\t\t\t<div class=\"elementor-widget-wrap elementor-element-populated\">\n\t\t\t\t\t\t\t\t<div class=\"elementor-element elementor-element-446b9ae6 elementor-widget elementor-widget-heading\" data-id=\"446b9ae6\" data-element_type=\"widget\" data-widget_type=\"heading.default\">\n\t\t\t\t<div class=\"elementor-widget-container\">\n\t\t\t<h4 class=\"elementor-heading-title elementor-size-default\">Qui sommes-nous<\/h4>\t\t<\/div>\n\t\t\t\t<\/div>\n\t\t\t\t<div class=\"elementor-element elementor-element-28fdbde9 elementor-widget elementor-widget-text-editor\" data-id=\"28fdbde9\" data-element_type=\"widget\" data-widget_type=\"text-editor.default\">\n\t\t\t\t<div class=\"elementor-widget-container\">\n\t\t\t\t\t\t\t\t<h4>EDUSTAR est une organisation de formation reconnue par l\u2019\u00e9tat fran\u00e7ais. Nous proposons diverses formations pour les entreprises.<\/h4><h4>Nous restons \u00e0 l\u2019\u00e9coute de nos clients et nous sommes engag\u00e9s \u00e0 proposer des programmes de formation adapt\u00e9s aux besoins de nos clients : l\u2019am\u00e9lioration de l\u2019hygi\u00e8ne dans la restaurant, les comp\u00e9tences en informatique\u2026\u200b<\/h4>\t\t\t\t\t\t<\/div>\n\t\t\t\t<\/div>\n\t\t\t\t\t<\/div>\n\t\t<\/div>\n\t\t\t\t\t\t\t<\/div>\n\t\t<\/section>\n\t\t\t\t<section class=\"elementor-section elementor-top-section elementor-element elementor-element-25ed3ad elementor-section-boxed elementor-section-height-default elementor-section-height-default\" data-id=\"25ed3ad\" data-element_type=\"section\">\n\t\t\t\t\t\t<div class=\"elementor-container elementor-column-gap-default\">\n\t\t\t\t\t<div class=\"elementor-column elementor-col-100 elementor-top-column elementor-element elementor-element-2832d24\" data-id=\"2832d24\" data-element_type=\"column\">\n\t\t\t<div class=\"elementor-widget-wrap elementor-element-populated\">\n\t\t\t\t\t\t\t\t<div class=\"elementor-element elementor-element-99e7a12 elementor-widget elementor-widget-spacer\" data-id=\"99e7a12\" data-element_type=\"widget\" data-widget_type=\"spacer.default\">\n\t\t\t\t<div class=\"elementor-widget-container\">\n\t\t\t\t\t<div class=\"elementor-spacer\">\n\t\t\t<div class=\"elementor-spacer-inner\"><\/div>\n\t\t<\/div>\n\t\t\t\t<\/div>\n\t\t\t\t<\/div>\n\t\t\t\t\t<\/div>\n\t\t<\/div>\n\t\t\t\t\t\t\t<\/div>\n\t\t<\/section>\n\t\t\t\t<section class=\"elementor-section elementor-top-section elementor-element elementor-element-230acd3 elementor-section-boxed elementor-section-height-default elementor-section-height-default\" data-id=\"230acd3\" data-element_type=\"section\">\n\t\t\t\t\t\t<div class=\"elementor-container elementor-column-gap-default\">\n\t\t\t\t\t<div class=\"elementor-column elementor-col-50 elementor-top-column elementor-element elementor-element-2aae526\" data-id=\"2aae526\" data-element_type=\"column\">\n\t\t\t<div class=\"elementor-widget-wrap elementor-element-populated\">\n\t\t\t\t\t\t\t\t<div class=\"elementor-element elementor-element-9d9fd95 elementor-widget elementor-widget-image\" data-id=\"9d9fd95\" data-element_type=\"widget\" data-widget_type=\"image.default\">\n\t\t\t\t<div class=\"elementor-widget-container\">\n\t\t\t\t\t\t\t\t\t\t\t\t\t\t\t<img width=\"768\" height=\"1024\" src=\"https:\/\/edustar.fr\/wp-content\/uploads\/2021\/08\/WechatIMG3703-768x1024.png\" class=\"attachment-large size-large\" alt=\"\" loading=\"lazy\" srcset=\"https:\/\/edustar.fr\/wp-content\/uploads\/2021\/08\/WechatIMG3703-768x1024.png 768w, https:\/\/edustar.fr\/wp-content\/uploads\/2021\/08\/WechatIMG3703-225x300.png 225w, https:\/\/edustar.fr\/wp-content\/uploads\/2021\/08\/WechatIMG3703-1152x1536.png 1152w, https:\/\/edustar.fr\/wp-content\/uploads\/2021\/08\/WechatIMG3703-1536x2048.png 1536w, https:\/\/edustar.fr\/wp-content\/uploads\/2021\/08\/WechatIMG3703-600x800.png 600w\" sizes=\"(max-width: 768px) 100vw, 768px\" \/>\t\t\t\t\t\t\t\t\t\t\t\t\t\t\t<\/div>\n\t\t\t\t<\/div>\n\t\t\t\t\t<\/div>\n\t\t<\/div>\n\t\t\t\t<div class=\"elementor-column elementor-col-50 elementor-top-column elementor-element elementor-element-1e4dd82\" data-id=\"1e4dd82\" data-element_type=\"column\">\n\t\t\t<div class=\"elementor-widget-wrap elementor-element-populated\">\n\t\t\t\t\t\t\t\t<div class=\"elementor-element elementor-element-479fdd8 elementor-widget elementor-widget-text-editor\" data-id=\"479fdd8\" data-element_type=\"widget\" data-widget_type=\"text-editor.default\">\n\t\t\t\t<div class=\"elementor-widget-container\">\n\t\t\t\t\t\t\t\t<p><strong>Chunli HUANG<\/strong><\/p><p>Pr\u00e9sidente<\/p><p>Dipl\u00f4m\u00e9e en Master Logistique et Bachelor en Finance, j\u2019ai v\u00e9cu plusieurs d\u2019ann\u00e9es d\u2019exp\u00e9riences comme \u00e9tant g\u00e9rante dans la restauration.<\/p><p>Sp\u00e9cialiste de la m\u00e9thode HACCP \u2013 analyse des dangers et points critiques pour leurs ma\u00eetrises, aujourd\u2019hui, j\u2019accompagne mes clients dans les d\u00e9marches d\u2019am\u00e9lioration ainsi que la gestion des plans sanitaires.<\/p><p>Avec un r\u00e9seau de partenaires dans toute la France, je vous propose des formations ad\u00e9quates \u00e0 vos attentes.<\/p>\t\t\t\t\t\t<\/div>\n\t\t\t\t<\/div>\n\t\t\t\t\t<\/div>\n\t\t<\/div>\n\t\t\t\t\t\t\t<\/div>\n\t\t<\/section>\n\t\t\t\t<section class=\"elementor-section elementor-top-section elementor-element elementor-element-62fdba6 elementor-section-boxed elementor-section-height-default elementor-section-height-default\" data-id=\"62fdba6\" data-element_type=\"section\">\n\t\t\t\t\t\t<div class=\"elementor-container elementor-column-gap-default\">\n\t\t\t\t\t<div class=\"elementor-column elementor-col-100 elementor-top-column elementor-element elementor-element-88944c2\" data-id=\"88944c2\" data-element_type=\"column\">\n\t\t\t<div class=\"elementor-widget-wrap elementor-element-populated\">\n\t\t\t\t\t\t\t\t<div class=\"elementor-element elementor-element-e009381 elementor-widget-divider--view-line elementor-widget elementor-widget-divider\" data-id=\"e009381\" data-element_type=\"widget\" data-widget_type=\"divider.default\">\n\t\t\t\t<div class=\"elementor-widget-container\">\n\t\t\t\t\t<div class=\"elementor-divider\">\n\t\t\t<span class=\"elementor-divider-separator\">\n\t\t\t\t\t\t<\/span>\n\t\t<\/div>\n\t\t\t\t<\/div>\n\t\t\t\t<\/div>\n\t\t\t\t\t<\/div>\n\t\t<\/div>\n\t\t\t\t\t\t\t<\/div>\n\t\t<\/section>\n\t\t\t\t<section class=\"elementor-section elementor-top-section elementor-element elementor-element-d8351da elementor-section-boxed elementor-section-height-default elementor-section-height-default\" data-id=\"d8351da\" data-element_type=\"section\">\n\t\t\t\t\t\t<div class=\"elementor-container elementor-column-gap-default\">\n\t\t\t\t\t<div class=\"elementor-column elementor-col-50 elementor-top-column elementor-element elementor-element-241891a\" data-id=\"241891a\" data-element_type=\"column\">\n\t\t\t<div class=\"elementor-widget-wrap elementor-element-populated\">\n\t\t\t\t\t\t\t\t<div class=\"elementor-element elementor-element-6acf560 elementor-widget elementor-widget-text-editor\" data-id=\"6acf560\" data-element_type=\"widget\" data-widget_type=\"text-editor.default\">\n\t\t\t\t<div class=\"elementor-widget-container\">\n\t\t\t\t\t\t\t\t<h5><strong>Miloud ABAIDIA<\/strong><em><br \/><br \/>Formateur Prestataire\u00a0<\/em><\/h5><p>Ing\u00e9nieur en s\u00e9curit\u00e9 des aliments et formateur en HACCP depuis 201,5 je vous propose\u00a0des formations en ligne, des audits pour corriger vos non-conformit\u00e9s suite aux mauvais contr\u00f4les d\u2019hygi\u00e8ne et des audits conseils pour l\u2019ouverture de votre restaurant.<\/p><p>Je suis disponible dans les r\u00e9gions \u00cele-de-France et Champagne-Ardenne.<\/p>\t\t\t\t\t\t<\/div>\n\t\t\t\t<\/div>\n\t\t\t\t\t<\/div>\n\t\t<\/div>\n\t\t\t\t<div class=\"elementor-column elementor-col-50 elementor-top-column elementor-element elementor-element-48beab6\" data-id=\"48beab6\" data-element_type=\"column\">\n\t\t\t<div class=\"elementor-widget-wrap elementor-element-populated\">\n\t\t\t\t\t\t\t\t<div class=\"elementor-element elementor-element-6a4c949 elementor-widget elementor-widget-image\" data-id=\"6a4c949\" data-element_type=\"widget\" data-widget_type=\"image.default\">\n\t\t\t\t<div class=\"elementor-widget-container\">\n\t\t\t\t\t\t\t\t\t\t\t\t\t\t\t<img width=\"709\" height=\"709\" src=\"https:\/\/edustar.fr\/wp-content\/uploads\/2021\/08\/Muloud.png\" class=\"attachment-large size-large\" alt=\"\" loading=\"lazy\" srcset=\"https:\/\/edustar.fr\/wp-content\/uploads\/2021\/08\/Muloud.png 709w, https:\/\/edustar.fr\/wp-content\/uploads\/2021\/08\/Muloud-300x300.png 300w, https:\/\/edustar.fr\/wp-content\/uploads\/2021\/08\/Muloud-150x150.png 150w, https:\/\/edustar.fr\/wp-content\/uploads\/2021\/08\/Muloud-600x600.png 600w, https:\/\/edustar.fr\/wp-content\/uploads\/2021\/08\/Muloud-100x100.png 100w\" sizes=\"(max-width: 709px) 100vw, 709px\" \/>\t\t\t\t\t\t\t\t\t\t\t\t\t\t\t<\/div>\n\t\t\t\t<\/div>\n\t\t\t\t\t<\/div>\n\t\t<\/div>\n\t\t\t\t\t\t\t<\/div>\n\t\t<\/section>\n\t\t\t\t<section class=\"elementor-section elementor-top-section elementor-element elementor-element-96c1b27 elementor-section-boxed elementor-section-height-default elementor-section-height-default\" data-id=\"96c1b27\" data-element_type=\"section\">\n\t\t\t\t\t\t<div class=\"elementor-container elementor-column-gap-default\">\n\t\t\t\t\t<div class=\"elementor-column elementor-col-100 elementor-top-column elementor-element elementor-element-f1800d7\" data-id=\"f1800d7\" data-element_type=\"column\">\n\t\t\t<div class=\"elementor-widget-wrap elementor-element-populated\">\n\t\t\t\t\t\t\t\t<div class=\"elementor-element elementor-element-e044930 elementor-widget-divider--view-line elementor-widget elementor-widget-divider\" data-id=\"e044930\" data-element_type=\"widget\" data-widget_type=\"divider.default\">\n\t\t\t\t<div class=\"elementor-widget-container\">\n\t\t\t\t\t<div class=\"elementor-divider\">\n\t\t\t<span class=\"elementor-divider-separator\">\n\t\t\t\t\t\t<\/span>\n\t\t<\/div>\n\t\t\t\t<\/div>\n\t\t\t\t<\/div>\n\t\t\t\t\t<\/div>\n\t\t<\/div>\n\t\t\t\t\t\t\t<\/div>\n\t\t<\/section>\n\t\t\t\t<section class=\"elementor-section elementor-top-section elementor-element elementor-element-a16cfb6 elementor-section-boxed elementor-section-height-default elementor-section-height-default\" data-id=\"a16cfb6\" data-element_type=\"section\">\n\t\t\t\t\t\t<div class=\"elementor-container elementor-column-gap-default\">\n\t\t\t\t\t<div class=\"elementor-column elementor-col-50 elementor-top-column elementor-element elementor-element-d6e5112\" data-id=\"d6e5112\" data-element_type=\"column\">\n\t\t\t<div class=\"elementor-widget-wrap elementor-element-populated\">\n\t\t\t\t\t\t\t\t\t<\/div>\n\t\t<\/div>\n\t\t\t\t<div class=\"elementor-column elementor-col-50 elementor-top-column elementor-element elementor-element-57bde84\" data-id=\"57bde84\" data-element_type=\"column\">\n\t\t\t<div class=\"elementor-widget-wrap elementor-element-populated\">\n\t\t\t\t\t\t\t\t<div class=\"elementor-element elementor-element-2f59c2b elementor-widget elementor-widget-text-editor\" data-id=\"2f59c2b\" data-element_type=\"widget\" data-widget_type=\"text-editor.default\">\n\t\t\t\t<div class=\"elementor-widget-container\">\n\t\t\t\t\t\t\t\t\t\t\t\t\t\t<\/div>\n\t\t\t\t<\/div>\n\t\t\t\t\t<\/div>\n\t\t<\/div>\n\t\t\t\t\t\t\t<\/div>\n\t\t<\/section>\n\t\t\t\t<section class=\"elementor-section elementor-top-section elementor-element elementor-element-cb08309 elementor-section-boxed elementor-section-height-default elementor-section-height-default\" data-id=\"cb08309\" data-element_type=\"section\">\n\t\t\t\t\t\t<div class=\"elementor-container elementor-column-gap-default\">\n\t\t\t\t\t<div class=\"elementor-column elementor-col-100 elementor-top-column elementor-element elementor-element-2fdccc6\" data-id=\"2fdccc6\" data-element_type=\"column\">\n\t\t\t<div class=\"elementor-widget-wrap elementor-element-populated\">\n\t\t\t\t\t\t\t\t<div class=\"elementor-element elementor-element-9edf4af elementor-widget-divider--view-line elementor-widget elementor-widget-divider\" data-id=\"9edf4af\" data-element_type=\"widget\" data-widget_type=\"divider.default\">\n\t\t\t\t<div class=\"elementor-widget-container\">\n\t\t\t\t\t<div class=\"elementor-divider\">\n\t\t\t<span class=\"elementor-divider-separator\">\n\t\t\t\t\t\t<\/span>\n\t\t<\/div>\n\t\t\t\t<\/div>\n\t\t\t\t<\/div>\n\t\t\t\t\t<\/div>\n\t\t<\/div>\n\t\t\t\t\t\t\t<\/div>\n\t\t<\/section>\n\t\t\t\t<section class=\"elementor-section elementor-top-section elementor-element elementor-element-30d5110 elementor-section-boxed elementor-section-height-default elementor-section-height-default\" data-id=\"30d5110\" data-element_type=\"section\">\n\t\t\t\t\t\t<div class=\"elementor-container elementor-column-gap-default\">\n\t\t\t\t\t<div class=\"elementor-column elementor-col-50 elementor-top-column elementor-element elementor-element-b84f1a2\" data-id=\"b84f1a2\" data-element_type=\"column\">\n\t\t\t<div class=\"elementor-widget-wrap elementor-element-populated\">\n\t\t\t\t\t\t\t\t<div class=\"elementor-element elementor-element-a4e6d5f elementor-widget elementor-widget-image\" data-id=\"a4e6d5f\" data-element_type=\"widget\" data-widget_type=\"image.default\">\n\t\t\t\t<div class=\"elementor-widget-container\">\n\t\t\t\t\t\t\t\t\t\t\t\t\t\t\t<img width=\"709\" height=\"709\" src=\"https:\/\/edustar.fr\/wp-content\/uploads\/2021\/08\/damien.png\" class=\"attachment-large size-large\" alt=\"\" loading=\"lazy\" srcset=\"https:\/\/edustar.fr\/wp-content\/uploads\/2021\/08\/damien.png 709w, https:\/\/edustar.fr\/wp-content\/uploads\/2021\/08\/damien-300x300.png 300w, https:\/\/edustar.fr\/wp-content\/uploads\/2021\/08\/damien-150x150.png 150w, https:\/\/edustar.fr\/wp-content\/uploads\/2021\/08\/damien-600x600.png 600w, https:\/\/edustar.fr\/wp-content\/uploads\/2021\/08\/damien-100x100.png 100w\" sizes=\"(max-width: 709px) 100vw, 709px\" \/>\t\t\t\t\t\t\t\t\t\t\t\t\t\t\t<\/div>\n\t\t\t\t<\/div>\n\t\t\t\t\t<\/div>\n\t\t<\/div>\n\t\t\t\t<div class=\"elementor-column elementor-col-50 elementor-top-column elementor-element elementor-element-fd3f26e\" data-id=\"fd3f26e\" data-element_type=\"column\">\n\t\t\t<div class=\"elementor-widget-wrap elementor-element-populated\">\n\t\t\t\t\t\t\t\t<div class=\"elementor-element elementor-element-a12b55c elementor-widget elementor-widget-text-editor\" data-id=\"a12b55c\" data-element_type=\"widget\" data-widget_type=\"text-editor.default\">\n\t\t\t\t<div class=\"elementor-widget-container\">\n\t\t\t\t\t\t\t\t<p><strong><span style=\"vertical-align: inherit;\"><span style=\"vertical-align: inherit;\">Damien Lacoste<\/span><\/span><\/strong><\/p><p><em><span style=\"vertical-align: inherit;\"><span style=\"vertical-align: inherit;\">Formateur Prestataire<\/span><\/span><\/em><\/p><p><span style=\"vertical-align: inherit;\"><span style=\"vertical-align: inherit;\">Damien Lacoste, le ma\u00eetre du fran\u00e7ais langue \u00e9trang\u00e8re depuis bient\u00f4t 10 ans, en classe et en cours particuliers.<\/span><\/span><\/p><p><span style=\"vertical-align: inherit;\"><span style=\"vertical-align: inherit;\">Passionn\u00e9, patient et p\u00e9dagogue, c\u2019est avec grand plaisir que je vous enseignerai ma langue et vous parlerai de ma culture, \u00e0 travers des cours dynamiques et structur\u00e9s, adapt\u00e9s \u00e0 vos particularit\u00e9s et \u00e0 vos besoins.<\/span><\/span><\/p><p><span style=\"vertical-align: inherit;\"><span style=\"vertical-align: inherit;\">C\u2019est long pour \u00eatre une culture chinoise, c\u2019est un endroit parfait pour \u00eatre en chinois, c\u2019est un salon, c\u2019est un endroit parfait pour \u00eatre (suffisant), c\u2019est un endroit g\u00e9nial pour \u00eatre et c\u2019est efficace.<\/span><\/span><\/p>\t\t\t\t\t\t<\/div>\n\t\t\t\t<\/div>\n\t\t\t\t\t<\/div>\n\t\t<\/div>\n\t\t\t\t\t\t\t<\/div>\n\t\t<\/section>\n\t\t\t\t<section class=\"elementor-section elementor-top-section elementor-element elementor-element-89e02e5 elementor-section-boxed elementor-section-height-default elementor-section-height-default\" data-id=\"89e02e5\" data-element_type=\"section\">\n\t\t\t\t\t\t<div class=\"elementor-container elementor-column-gap-default\">\n\t\t\t\t\t<div class=\"elementor-column elementor-col-100 elementor-top-column elementor-element elementor-element-dcfe582\" data-id=\"dcfe582\" data-element_type=\"column\">\n\t\t\t<div class=\"elementor-widget-wrap elementor-element-populated\">\n\t\t\t\t\t\t\t\t<div class=\"elementor-element elementor-element-92367b8 elementor-widget-divider--view-line elementor-widget elementor-widget-divider\" data-id=\"92367b8\" data-element_type=\"widget\" data-widget_type=\"divider.default\">\n\t\t\t\t<div class=\"elementor-widget-container\">\n\t\t\t\t\t<div class=\"elementor-divider\">\n\t\t\t<span class=\"elementor-divider-separator\">\n\t\t\t\t\t\t<\/span>\n\t\t<\/div>\n\t\t\t\t<\/div>\n\t\t\t\t<\/div>\n\t\t\t\t\t<\/div>\n\t\t<\/div>\n\t\t\t\t\t\t\t<\/div>\n\t\t<\/section>\n\t\t\t\t<section class=\"elementor-section elementor-top-section elementor-element elementor-element-e37ecd4 elementor-section-boxed elementor-section-height-default elementor-section-height-default\" data-id=\"e37ecd4\" data-element_type=\"section\">\n\t\t\t\t\t\t<div class=\"elementor-container elementor-column-gap-default\">\n\t\t\t\t\t<div class=\"elementor-column elementor-col-50 elementor-top-column elementor-element elementor-element-4113867\" data-id=\"4113867\" data-element_type=\"column\">\n\t\t\t<div class=\"elementor-widget-wrap elementor-element-populated\">\n\t\t\t\t\t\t\t\t<div class=\"elementor-element elementor-element-b313b46 elementor-widget elementor-widget-text-editor\" data-id=\"b313b46\" data-element_type=\"widget\" data-widget_type=\"text-editor.default\">\n\t\t\t\t<div class=\"elementor-widget-container\">\n\t\t\t\t\t\t\t\t<p><strong><span style=\"vertical-align: inherit;\"><span style=\"vertical-align: inherit;\">Maoqiao WANG<\/span><\/span><\/strong><\/p><p><em><span style=\"vertical-align: inherit;\"><span style=\"vertical-align: inherit;\">formatrice prestataire<\/span><\/span><\/em><\/p><p><span style=\"vertical-align: inherit;\"><span style=\"vertical-align: inherit;\">Difficult\u00e9 \u00e0 ma\u00eetriser l&#8217;art des langues et des habilitations qui font du DELF\/DALF le choix id\u00e9al pour le DELF\/DALF. C&#8217;est une question de franchise. C&#8217;est une question d&#8217;objectifs et de personnel, c&#8217;est du FLE\/FLI\/Alpha, c&#8217;est de la culture et de la culture. .<\/span><\/span><\/p>\t\t\t\t\t\t<\/div>\n\t\t\t\t<\/div>\n\t\t\t\t\t<\/div>\n\t\t<\/div>\n\t\t\t\t<div class=\"elementor-column elementor-col-50 elementor-top-column elementor-element elementor-element-2c63151\" data-id=\"2c63151\" data-element_type=\"column\">\n\t\t\t<div class=\"elementor-widget-wrap elementor-element-populated\">\n\t\t\t\t\t\t\t\t<div class=\"elementor-element elementor-element-ae8bdf8 elementor-widget elementor-widget-image\" data-id=\"ae8bdf8\" data-element_type=\"widget\" data-widget_type=\"image.default\">\n\t\t\t\t<div class=\"elementor-widget-container\">\n\t\t\t\t\t\t\t\t\t\t\t\t\t\t\t<img width=\"709\" height=\"709\" src=\"https:\/\/edustar.fr\/wp-content\/uploads\/2021\/08\/WANG-Maoqiao.png\" class=\"attachment-large size-large\" alt=\"\" loading=\"lazy\" srcset=\"https:\/\/edustar.fr\/wp-content\/uploads\/2021\/08\/WANG-Maoqiao.png 709w, https:\/\/edustar.fr\/wp-content\/uploads\/2021\/08\/WANG-Maoqiao-300x300.png 300w, https:\/\/edustar.fr\/wp-content\/uploads\/2021\/08\/WANG-Maoqiao-150x150.png 150w, https:\/\/edustar.fr\/wp-content\/uploads\/2021\/08\/WANG-Maoqiao-600x600.png 600w, https:\/\/edustar.fr\/wp-content\/uploads\/2021\/08\/WANG-Maoqiao-100x100.png 100w\" sizes=\"(max-width: 709px) 100vw, 709px\" \/>\t\t\t\t\t\t\t\t\t\t\t\t\t\t\t<\/div>\n\t\t\t\t<\/div>\n\t\t\t\t\t<\/div>\n\t\t<\/div>\n\t\t\t\t\t\t\t<\/div>\n\t\t<\/section>\n\t\t\t\t<section class=\"elementor-section elementor-top-section elementor-element elementor-element-68fe514 elementor-section-boxed elementor-section-height-default elementor-section-height-default\" data-id=\"68fe514\" data-element_type=\"section\">\n\t\t\t\t\t\t<div class=\"elementor-container elementor-column-gap-default\">\n\t\t\t\t\t<div class=\"elementor-column elementor-col-100 elementor-top-column elementor-element elementor-element-0271de9\" data-id=\"0271de9\" data-element_type=\"column\">\n\t\t\t<div class=\"elementor-widget-wrap elementor-element-populated\">\n\t\t\t\t\t\t\t\t<div class=\"elementor-element elementor-element-1b87c0e elementor-widget-divider--view-line elementor-widget elementor-widget-divider\" data-id=\"1b87c0e\" data-element_type=\"widget\" data-widget_type=\"divider.default\">\n\t\t\t\t<div class=\"elementor-widget-container\">\n\t\t\t\t\t<div class=\"elementor-divider\">\n\t\t\t<span class=\"elementor-divider-separator\">\n\t\t\t\t\t\t<\/span>\n\t\t<\/div>\n\t\t\t\t<\/div>\n\t\t\t\t<\/div>\n\t\t\t\t\t<\/div>\n\t\t<\/div>\n\t\t\t\t\t\t\t<\/div>\n\t\t<\/section>\n\t\t\t\t<section class=\"elementor-section elementor-top-section elementor-element elementor-element-19ea420 elementor-section-boxed elementor-section-height-default elementor-section-height-default\" data-id=\"19ea420\" data-element_type=\"section\">\n\t\t\t\t\t\t<div class=\"elementor-container elementor-column-gap-default\">\n\t\t\t\t\t<div class=\"elementor-column elementor-col-50 elementor-top-column elementor-element elementor-element-e722d5c\" data-id=\"e722d5c\" data-element_type=\"column\">\n\t\t\t<div class=\"elementor-widget-wrap elementor-element-populated\">\n\t\t\t\t\t\t\t\t<div class=\"elementor-element elementor-element-2fa8453 elementor-widget elementor-widget-image\" data-id=\"2fa8453\" data-element_type=\"widget\" data-widget_type=\"image.default\">\n\t\t\t\t<div class=\"elementor-widget-container\">\n\t\t\t\t\t\t\t\t\t\t\t\t\t\t\t<img width=\"709\" height=\"709\" src=\"https:\/\/edustar.fr\/wp-content\/uploads\/2021\/08\/Yoann.png\" class=\"attachment-large size-large\" alt=\"\" loading=\"lazy\" srcset=\"https:\/\/edustar.fr\/wp-content\/uploads\/2021\/08\/Yoann.png 709w, https:\/\/edustar.fr\/wp-content\/uploads\/2021\/08\/Yoann-300x300.png 300w, https:\/\/edustar.fr\/wp-content\/uploads\/2021\/08\/Yoann-150x150.png 150w, https:\/\/edustar.fr\/wp-content\/uploads\/2021\/08\/Yoann-600x600.png 600w, https:\/\/edustar.fr\/wp-content\/uploads\/2021\/08\/Yoann-100x100.png 100w\" sizes=\"(max-width: 709px) 100vw, 709px\" \/>\t\t\t\t\t\t\t\t\t\t\t\t\t\t\t<\/div>\n\t\t\t\t<\/div>\n\t\t\t\t\t<\/div>\n\t\t<\/div>\n\t\t\t\t<div class=\"elementor-column elementor-col-50 elementor-top-column elementor-element elementor-element-45cc517\" data-id=\"45cc517\" data-element_type=\"column\">\n\t\t\t<div class=\"elementor-widget-wrap elementor-element-populated\">\n\t\t\t\t\t\t\t\t<div class=\"elementor-element elementor-element-f58286a elementor-widget elementor-widget-text-editor\" data-id=\"f58286a\" data-element_type=\"widget\" data-widget_type=\"text-editor.default\">\n\t\t\t\t<div class=\"elementor-widget-container\">\n\t\t\t\t\t\t\t\t<p><strong>Yoann WARDAVOIR<\/strong><br \/>Formateur Prestataire\u00a0<\/p><p>Yoann Wardavoir, cr\u00e9ateur de la \u00ab\u00a0Welcome Academy\u00a0\u00bb (\u00c9cole de cours d\u2019Anglais), est un enseignant engag\u00e9, avec de nombreuses collaborations reconnues telles que \u00ab\u00a0Les Compagnons Du Devoir et du Tour de France\u00a0\u00bb, \u00ab\u00a0L\u2019Institut Universitaire de Technologie \u2013 IUT\u00a0\u00bb, et plusieurs organismes de formation agr\u00e9\u00e9s.<\/p><p>Consolider ou perfectionnez vos connaissances en ANGLAIS avec un formateur certifi\u00e9 (T.O.E.I.C. et LEVELTEL). Vous pourrez profiter de cours particuliers ou collectifs \u00e0 travers un parcours p\u00e9dagogique sp\u00e9cialis\u00e9 et adapt\u00e9 \u00e0 vos besoins et vos attentes.\u00a0\u00a0D\u00e9couverte de l\u2019Anglais, Pr\u00e9paration aux examens, Business English (communication, commerce et logistique), Soutien scolaire de la 6\u00e8me \u00e0 BAC + 2, Restauration\/H\u00f4tellerie\/Tourisme, Anglais scientifique (industriel) du C.A.P. au B.T.S.\u00a0<\/p><p>Tous ces th\u00e8mes peuvent \u00eatre abord\u00e9s et approfondis, \u00e0 l\u2019oral comme \u00e0 l\u2019\u00e9crit, suivant vos objectifs personnalis\u00e9s.<\/p><p>\u00a0<\/p>\t\t\t\t\t\t<\/div>\n\t\t\t\t<\/div>\n\t\t\t\t\t<\/div>\n\t\t<\/div>\n\t\t\t\t\t\t\t<\/div>\n\t\t<\/section>\n\t\t\t\t\t\t<\/div>\n\t\t\t\t\t<\/div>\n\t\t","protected":false},"excerpt":{"rendered":"<p>Qui sommes-nous EDUSTAR est une organisation de formati &hellip;<\/p>\n<p class=\"read-more\"> <a class=\"\" href=\"https:\/\/edustar.fr\/?page_id=25219\"> <span class=\"screen-reader-text\">Elementor #25219<\/span> \u67e5\u770b\u5168\u6587 &raquo;<\/a><\/p>\n","protected":false},"author":1,"featured_media":0,"parent":0,"menu_order":0,"comment_status":"closed","ping_status":"closed","template":"","meta":[],"_links":{"self":[{"href":"https:\/\/edustar.fr\/index.php?rest_route=\/wp\/v2\/pages\/25219"}],"collection":[{"href":"https:\/\/edustar.fr\/index.php?rest_route=\/wp\/v2\/pages"}],"about":[{"href":"https:\/\/edustar.fr\/index.php?rest_route=\/wp\/v2\/types\/page"}],"author":[{"embeddable":true,"href":"https:\/\/edustar.fr\/index.php?rest_route=\/wp\/v2\/users\/1"}],"replies":[{"embeddable":true,"href":"https:\/\/edustar.fr\/index.php?rest_route=%2Fwp%2Fv2%2Fcomments&post=25219"}],"version-history":[{"count":13,"href":"https:\/\/edustar.fr\/index.php?rest_route=\/wp\/v2\/pages\/25219\/revisions"}],"predecessor-version":[{"id":25331,"href":"https:\/\/edustar.fr\/index.php?rest_route=\/wp\/v2\/pages\/25219\/revisions\/25331"}],"wp:attachment":[{"href":"https:\/\/edustar.fr\/index.php?rest_route=%2Fwp%2Fv2%2Fmedia&parent=25219"}],"curies":[{"name":"wp","href":"https:\/\/api.w.org\/{rel}","templated":true}]}}