{"id":25332,"date":"2024-03-09T16:42:52","date_gmt":"2024-03-09T15:42:52","guid":{"rendered":"http:\/\/edustar.fr\/?page_id=25332"},"modified":"2024-07-22T17:56:52","modified_gmt":"2024-07-22T15:56:52","slug":"rs-6412-preparer-des-bubble-teas-et-des-mocktails","status":"publish","type":"page","link":"https:\/\/edustar.fr\/?page_id=25332","title":{"rendered":"RS 6412 Pr\u00e9parer des bubble teas et des mocktails"},"content":{"rendered":"\n<p><strong>PR\u00c9PARER DES BUBBLES TEAS ET DES MOCKTAILS<\/strong><\/p>\n\n\n\n<p><a href=\"https:\/\/www.francecompetences.fr\/recherche\/rs\/6412\/\"><em><u><em>RS 6412<\/em><\/u><\/em><\/a><em>&nbsp;\u2013 Certificateur&nbsp;: SCEF<\/em><\/p>\n\n\n\n<p><em>Date d\u2019enregistrement : 18\/10\/2023 \u2013 Date d\u2019\u00e9ch\u00e9ance : 18\/10\/2025<\/em><\/p>\n\n\n\n<p>Lien France comp\u00e9tences : https:\/\/www.francecompetences.fr\/recherche\/rs\/6412\/<\/p>\n\n\n\n<p>Nous sommes un organisme dont la certification a \u00e9t\u00e9 accord\u00e9. <\/p>\n\n\n\n<div class=\"wp-block-buttons aligncenter\">\n<div class=\"wp-block-button\"><a class=\"wp-block-button__link\" href=\"https:\/\/docs.google.com\/forms\/d\/e\/1FAIpQLSdHLz-SZ-NZOOEH8xv4R2i9qa82iDGmRC9Nb_-iqlnGzrApEw\/viewform?usp=sf_link\">INSCRIPTION<\/a><\/div>\n<\/div>\n\n\n\n<div class=\"wp-block-cover has-background-dim\" style=\"background-image:url(http:\/\/edustar.fr\/wp-content\/uploads\/2024\/07\/mocktail-et-bubble-tea-scef-9.jpg)\"><div class=\"wp-block-cover__inner-container\">\n<p class=\"has-text-align-center has-large-font-size\">Taux d&#8217;obtention de la certification :<br>98%<\/p>\n<\/div><\/div>\n\n\n\n<h3><strong>\uff08Une formation bas\u00e9e sur les boissons sans alcools\uff09<\/strong><\/h3>\n\n\n\n<p><strong>Pr\u00e9sentation de la formation<\/strong><\/p>\n\n\n\n<p>La certification vise \u00e0 valider des comp\u00e9tences en r\u00e9alisation de m\u00e9langes de perles et de liquides en vue de servir \u00e0 des clients des boissons orientales. L\u2019objectif est de r\u00e9aliser les perles des Bubble tea (ou th\u00e9s aux perles&nbsp;: un m\u00e9lange de th\u00e9 froid ou chaud et de lait, parfum\u00e9 de diverses saveurs et additionn\u00e9 de perles de tapioca), mais \u00e9galement des mocktails&nbsp;: des cocktails sans alcool. Il s\u2019agit de savoir suivre une recette, cr\u00e9er des mocktails et des Bubble teas uniques et originaux.<\/p>\n\n\n\n<p><strong>Objectifs de la formation<\/strong><\/p>\n\n\n\n<p><strong><em><strong><em>\u00c0 l\u2019issue de la formation, le stagiaire sera en mesure de&nbsp;:<\/em><\/strong><\/em><\/strong><strong><em><strong><\/strong><\/em><\/strong><\/p>\n\n\n\n<ul><li>Mettre en \u0153uvre des recettes de perles de tapioca<\/li><li>Respecter les r\u00e8gles de cuisson de perles de tapioca<\/li><li>Pr\u00e9parer un Bubble Tea<\/li><li>Assembler un Mocktail<\/li><li>Cr\u00e9er une recette de Bubble Tea et de moktails<\/li><li>Respecter les r\u00e8gles d\u2019hygi\u00e8ne et de s\u00e9curit\u00e9 alimentaire<\/li><\/ul>\n\n\n\n<p><strong>Comp\u00e9tences vis\u00e9es par le r\u00e9f\u00e9rentiel<\/strong><\/p>\n\n\n\n<p><strong>C1 \u2013&nbsp;<\/strong>R\u00e9aliser des perles de tapioca destin\u00e9es \u00e0 la boisson sans alcool en suivant les \u00e9tapes de pr\u00e9paration, en les fa\u00e7onnant de mani\u00e8re \u00e0 correspondre au standard de taille, forme et texture afin de r\u00e9aliser ensuite des Bubble tea faits-maison rapidement&nbsp;;<\/p>\n\n\n\n<p><strong>C2 \u2013&nbsp;<\/strong>Cuire les perles de tapioca destin\u00e9es \u00e0 la boisson sans alcool en respectant les indications n\u00e9cessaires en fonction du type de perle, pour faire ressortir le go\u00fbt et le parfum&nbsp;;<\/p>\n\n\n\n<p><strong>C3 \u2013&nbsp;<\/strong>Pr\u00e9parer le Bubble tea en m\u00e9langeant l\u2019eau, les sirops, th\u00e9s, lait et ajoutant les perles et la cr\u00e8me en respectant les accords de saveurs et l\u2019ordre des ingr\u00e9dients pour obtenir un r\u00e9sultat visuellement et gustativement harmonieux et conforme \u00e0 la commande du client&nbsp;;<\/p>\n\n\n\n<p><strong>C4 \u2013&nbsp;<\/strong>Assembler le Moktail command\u00e9 par le client en utilisant le mat\u00e9riel adapt\u00e9 en m\u00e9langeant les ingr\u00e9dients (jus et pur\u00e9e de fruits, fruits coup\u00e9s ou tranch\u00e9s, sirops, th\u00e9, eau gazeuse) en respectant la recette et ses \u00e9tapes, en d\u00e9corant le verre afin de valoriser la boisson avec une pr\u00e9sentation attractive\/app\u00e9tente&nbsp;;<\/p>\n\n\n\n<p><strong>C5 \u2013&nbsp;<\/strong>Cr\u00e9er une recette de Mocktails ou Bubble tea en r\u00e9alisant sur des assemblages d\u2019ingr\u00e9dients reconnus et des m\u00e9langes de go\u00fbts harmonieux afin de proposer des produits uniques et originaux&nbsp;;<\/p>\n\n\n\n<p><strong>C6 \u2013&nbsp;<\/strong>Appliquer les r\u00e8gles d\u2019hygi\u00e8ne et de s\u00e9curit\u00e9 alimentaire en respectant les normes sanitaires, en r\u00e9alisant le nettoyage et la d\u00e9sinfection du mat\u00e9riel et des surfaces de travail, la gestion des d\u00e9chets afin de pr\u00e9venir les risques sur la sant\u00e9 humaine.<\/p>\n\n\n\n<p><strong>Public et pr\u00e9requis<\/strong><\/p>\n\n\n\n<p>Cette certification s\u2019adresse aux professionnels de restauration et \u00e0 tout professionnel travaillant en petite restauration, salon de th\u00e9, salon d\u2019h\u00f4tel, etc.\u2013<\/p>\n\n\n\n<p>Aucun pr\u00e9requis n\u00e9cessaire pour suivre cette formation.<\/p>\n\n\n\n<p><strong>Conditions d\u2019inscription et d\u2019acc\u00e8s \u00e0 la certification<\/strong><\/p>\n\n\n\n<ul><li>Avoir suivi la formation dans son int\u00e9gralit\u00e9.<\/li><\/ul>\n\n\n\n<p>Les r\u00e8glements g\u00e9n\u00e9raux d\u2019acc\u00e8s \u00e0 la certification, des examens et des \u00e9valuations, ainsi que l\u2019\u00e9valuation du dispositif de la certification sont consultables sur demande.<\/p>\n\n\n\n<p><strong>Accessibilit\u00e9<\/strong><\/p>\n\n\n\n<p><strong><em><strong><em>Politique d\u2019accessibilit\u00e9 et conditions d\u2019acc\u00e8s disponibles sur notre site Internet et sur demande.<\/em><\/strong><\/em><\/strong><strong><em><strong><\/strong><\/em><\/strong><\/p>\n\n\n\n<p>Nos locaux et nos formations sont accessibles aux personnes en situation de handicap (merci de nous consulter pour l\u2019\u00e9tude de faisabilit\u00e9), notre \u00e9quipe p\u00e9dagogique sensibilis\u00e9e et comp\u00e9tente.<\/p>\n\n\n\n<p>Chaque demande particuli\u00e8re sera \u00e9tudi\u00e9e en amont de la formation. Un rendez-vous avec le r\u00e9f\u00e9rent handicap permettra de faire le point sur votre situation et vous proposer les solutions adapt\u00e9es. Nous vous invitons \u00e0 nous contacter d\u00e8s l\u2019inscription en formation&nbsp;:<\/p>\n\n\n\n<ul><li><strong>Contactez-nous<\/strong>&nbsp;&nbsp;: Madame Chunli HUANG \u2013&nbsp;contact@edustar.fr &nbsp;&nbsp;\u2013 06 52 77 99 19<\/li><\/ul>\n\n\n\n<p><strong>Modalit\u00e9s et d\u00e9lais d\u2019acc\u00e8s<\/strong><\/p>\n\n\n\n<p>Analyse de la demande et validation.<\/p>\n\n\n\n<p>Un d\u00e9lai de 14 jours est requis entre la prise en charge de la formation par Edustar et l\u2019entr\u00e9e en formation.<\/p>\n\n\n\n<p><strong>Effectif de la formation<\/strong><\/p>\n\n\n\n<p>De 3 \u00e0 6 participants<\/p>\n\n\n\n<p><strong>Dur\u00e9e de la formation<\/strong><\/p>\n\n\n\n<p>28h00 r\u00e9parties sur 4 jours<\/p>\n\n\n\n<p><strong>Horaires de la formation<\/strong><\/p>\n\n\n\n<p>09h30 \u00e0 12h30 \/ 13h30 \u2013 17h30<\/p>\n\n\n\n<p><strong>Dates de la formation<\/strong><\/p>\n\n\n\n<p>Entr\u00e9e et sortie permanente.<\/p>\n\n\n\n<p><strong>Modalit\u00e9s de suivi et d\u2019\u00e9valuation<\/strong><\/p>\n\n\n\n<p>L\u2019\u00e9valuation des acquis de la formation est r\u00e9alis\u00e9e au travers du contr\u00f4le continu avec \u00e9valuations formatives r\u00e9guli\u00e8res sur les diff\u00e9rents contenus, th\u00e9oriques et pratiques et d\u2019une mise en situation professionnelle finale.<\/p>\n\n\n\n<p>Les participants signent une feuille d\u2019\u00e9margement attestant de leur pr\u00e9sence par demi- journ\u00e9e.<\/p>\n\n\n\n<p>Des \u00e9valuations \u00e0 chaud et \u00e0 froid seront r\u00e9alis\u00e9es post formation, ainsi qu\u2019une enqu\u00eate d\u2019insertion professionnelle \u00e0 6 mois.<\/p>\n\n\n\n<p><strong>Programme d\u00e9taill\u00e9 \/ Tableau crois\u00e9 de la formation<\/strong><\/p>\n\n\n\n<p><\/p>\n\n\n\n<figure class=\"wp-block-table is-style-regular\"><table><tbody><tr><td><strong>Comp\u00e9tences<\/strong><\/td><td><strong>Objectifs<\/strong><\/td><td><strong>Programme<\/strong><\/td><\/tr><tr><td><strong><font style=\"vertical-align: inherit;\"><font style=\"vertical-align: inherit;\">C1 \u2013&nbsp;<\/font><\/font><\/strong><font style=\"vertical-align: inherit;\"><font style=\"vertical-align: inherit;\"> Des destins de tapioca rafra\u00eechissants et rafra\u00eechissants, le meilleur du meilleur, le meilleur du meilleur, les fa\u00e7ades les plus lisses, la queue standard, la texture et la texture du fascia bubble tea.&nbsp;<\/font><\/font><\/td><td>&nbsp;&nbsp;Mettre en \u0153uvre des recettes de perles de tapioca&nbsp;<\/td><td><strong>Module 1 \u2013 Les r\u00e9alisation des perles de Tapioca<\/strong>\u00c9tapes de la recetteRespect de l\u2019aspect visuel de la perle Le go\u00fbt et la gestion des quantit\u00e9s (ingr\u00e9dients, sucre)&nbsp;<strong>Evaluation sous forme de QCM<\/strong><\/td><\/tr><tr><td><strong>C2<\/strong>&nbsp;\u2013 Cuire les perles de tapioca destin\u00e9es \u00e0 la boisson sans alcool en respectant les indications n\u00e9cessaires en fonction du type de perle, pour faire ressortir le go\u00fbt et le parfum&nbsp;<\/td><td>&nbsp;&nbsp;Mettre en \u0153uvre des recettes de perles de tapioca&nbsp;<\/td><td><strong>Module 2 \u2013 La cuisson des perles de Tapioca<\/strong>Les r\u00e8gles de cuisson \u00e0 respecterLes r\u00e8gles de s\u00e9curit\u00e9 \u00e0 mettre en \u0153uvreLa conservation des perles &nbsp;<strong>Evaluation sous forme d\u2019exercice pratique&nbsp;<\/strong>&nbsp;<\/td><\/tr><tr><td><strong>C3<\/strong>&nbsp;\u2013 Pr\u00e9parer le Bubble tea en m\u00e9langeant l\u2019eau, les sirops, th\u00e9s, lait et ajoutant les perles et la cr\u00e8me en respectant les accords de saveurs et l\u2019ordre des ingr\u00e9dients pour obtenir un r\u00e9sultat visuellement et gustativement harmonieux et conforme \u00e0 la commande du client&nbsp;<\/td><td>&nbsp;&nbsp;&nbsp;Cr\u00e9er un Bubble Tea<\/td><td><strong>Module 3 \u2013 La pr\u00e9paration d\u2019un Bubble Tea<\/strong>Mise en application de la recette du Bubble TeaGestion des quantit\u00e9sGarnissage du verre Visuel et go\u00fbt &nbsp;<strong>Evaluation sous forme d\u2019exercice pratique&nbsp;<\/strong>&nbsp;<\/td><\/tr><tr><td><strong>C4<\/strong>&nbsp;\u2013 Assembler le Moktail command\u00e9 par le client en utilisant le mat\u00e9riel adapt\u00e9 en m\u00e9langeant les ingr\u00e9dients (jus et pur\u00e9e de fruits, fruits coup\u00e9s ou tranch\u00e9s, sirops, th\u00e9, eau gazeuse) en respectant la recette et ses \u00e9tapes, en d\u00e9corant le verre afin de valoriser la boisson avec une pr\u00e9sentation attractive\/app\u00e9tente&nbsp;<\/td><td>&nbsp;&nbsp;&nbsp;Cr\u00e9er un Mocktail<\/td><td><strong>Module 4 \u2013 Assemblage du Mocktail<\/strong>Les r\u00e8gles de pr\u00e9paration \u00e0 respecter&nbsp;: les quantit\u00e9sLes \u00e9tapes d\u2019assemblage d\u2019un mocktailGarnissage du verre, r\u00e9partition des ingr\u00e9dients et \u00e9l\u00e9ments de d\u00e9coration &nbsp;<strong>Evaluation sous forme d\u2019exercice pratique&nbsp;<\/strong>&nbsp;<\/td><\/tr><tr><td><strong>C5 \u2013&nbsp;<\/strong>Cr\u00e9er une recette de Mocktails ou Bubble tea en r\u00e9alisant sur des assemblages d\u2019ingr\u00e9dients reconnus et des m\u00e9langes de go\u00fbts harmonieux afin de proposer des produits uniques et originaux&nbsp;<\/td><td>&nbsp;&nbsp;&nbsp;&nbsp;Cr\u00e9er un Bubble TeaCr\u00e9er un Mocktail<\/td><td><strong>Module 5 \u2013 Cr\u00e9ations de recette, les r\u00e8gles \u00e0 respecter&nbsp;<\/strong>S\u00e9lection de saveurs et de go\u00fbtsM\u00e9lange harmonieux \u00c9quilibre des saveurs Les textures Les quantit\u00e9s L\u2019infusion du th\u00e9L\u2019infusion du siropLa pur\u00e9e de fruits et le jus de fruitsLe sagou&nbsp;<strong>Evaluation sous forme d\u2019exercice pratique&nbsp;<\/strong>&nbsp;<\/td><\/tr><tr><td><strong>C6 \u2013&nbsp;<\/strong>Appliquer les r\u00e8gles d\u2019hygi\u00e8ne et de s\u00e9curit\u00e9 alimentaire en respectant les normes sanitaires, en r\u00e9alisant le nettoyage et la d\u00e9sinfection du mat\u00e9riel et des surfaces de travail, la gestion des d\u00e9chets afin de pr\u00e9venir les risques sur la sant\u00e9 humaine<\/td><td>&nbsp;&nbsp;&nbsp;Respecter les r\u00e8gles d\u2019hygi\u00e8ne et de s\u00e9curit\u00e9&nbsp;<\/td><td><strong>Module 6 \u2013 Hygi\u00e8ne et s\u00e9curit\u00e9 alimentaire, les r\u00e8gles \u00e0 respecter<\/strong>R\u00e8gles d\u2019hygi\u00e8ne et de s\u00e9curit\u00e9 alimentairePosture professionnelleTemp\u00e9rature de cuisson et de conservation \u00e0 respecterGestion des d\u00e9chets &nbsp;<strong>Evaluation sous forme d\u2019exercice pratique&nbsp;<\/strong>&nbsp;<\/td><\/tr><\/tbody><\/table><\/figure>\n\n\n\n<ul><li><strong>Evaluation finale sous forme de mise en situation professionnelle<\/strong><\/li><\/ul>\n\n\n\n<p><strong>Modalit\u00e9s d\u2019\u00e9valuation de la certification<\/strong><\/p>\n\n\n\n<ul><li><strong>Mise en situation professionnelle de 3h00 : Le candidat doit r\u00e9aliser :<\/strong><\/li><\/ul>\n\n\n\n<ul><li>Des perles de tapioca selon une recette donn\u00e9e puis les cuire&nbsp;;<\/li><li>Un Bubble tea avec ces perles&nbsp;;<\/li><li>Un Moktail sur la base d\u2019une recette&nbsp;;<\/li><li>Un Bubble tea ou Moktail de sa cr\u00e9ation sur la base d\u2019une demande sp\u00e9cifique (se basant sur un go\u00fbt, une saveur, ou des allergies par exemple).<\/li><\/ul>\n\n\n\n<p><strong>Modalit\u00e9s de sanction<\/strong><\/p>\n\n\n\n<p>Apr\u00e8s validation de la certification par le candidat, et sous un d\u00e9lai n\u2019exc\u00e9dant pas six mois la Directrice d\u00e9livre le parchemin aux titulaires par voie d\u00e9mat\u00e9rialis\u00e9e.<\/p>\n\n\n\n<p>Une attestation de r\u00e9ussite pourra \u00eatre d\u00e9livr\u00e9e \u00e0 tout candidat en ayant fait la demande, et ce dans un d\u00e9lai maximum de trois semaines.<\/p>\n\n\n\n<p><strong>Modalit\u00e9s p\u00e9dagogiques<\/strong><\/p>\n\n\n\n<p>En pr\u00e9sentiel dans les locaux de Edustar \u2013 148, Boulevard Mass\u00e9na \u2013 75013 &nbsp;PARIS<\/p>\n\n\n\n<p><strong>Moyens p\u00e9dagogiques<\/strong><\/p>\n\n\n\n<p>Salle \u00e9quip\u00e9e de poste de travail individuel, tout le n\u00e9cessaire est mis \u00e0 disposition des stagiaires&nbsp;: Cuisini\u00e8re \u00e0 induction, petit r\u00e9frig\u00e9rateur, machine \u00e0 smoothie, ouvre-bouteille, grande tasse, tasse \u00e0 mesurer \u00e0 sucre, tasse \u00e0 neige, diverses tasses en verre, passoire \u00e0 th\u00e9, cuill\u00e8re de bar, po\u00eale, fouet&nbsp;; Supports p\u00e9dagogiques.<\/p>\n\n\n\n<p><strong>M\u00e9thodes p\u00e9dagogiques<\/strong><\/p>\n\n\n\n<p>Alternance d\u2019apports th\u00e9oriques, de d\u00e9monstrations. P\u00e9dagogie participative par projet avec mise en situation professionnelle r\u00e9elle.<\/p>\n\n\n\n<p><strong>Nature des travaux demand\u00e9s aux participants<\/strong><\/p>\n\n\n\n<p>\u00c9tudes de cas, Exercices pratiques, Mise en situation professionnelle r\u00e9elle&nbsp;; Exp\u00e9rience et Testing.<\/p>\n\n\n\n<p><strong>Formatrice<\/strong><\/p>\n\n\n\n<p>Mme Mengqian HU est dipl\u00f4m\u00e9e d\u2019un CAP P\u00e2tisserie, elle a \u00e9t\u00e9 form\u00e9e en Chine sur la pr\u00e9paration et la commercialisation des Bubble Teas et des Moktails. Passionn\u00e9e, elle r\u00e9pondra \u00e0 vos questions si besoin avant la formation.<\/p>\n\n\n\n<p>Son r\u00f4le, tout au long de la formation&nbsp;: Proposer un apport th\u00e9orique, transmettre les bonnes m\u00e9thodes et une exp\u00e9rience r\u00e9ussie, proposer des organisations adapt\u00e9es \u00e0 chacun, \u00e9valuer les acquis.<\/p>\n\n\n\n<p><strong>Tarif par personne<\/strong><\/p>\n\n\n\n<ul><li><strong>1780Euros TTC<\/strong><\/li><\/ul>\n\n\n\n<ul><li><em>Ce prix comprend&nbsp;: l\u2019intervention de la formatrice, les supports p\u00e9dagogiques et le mat\u00e9riel n\u00e9cessaire. .<\/em><\/li><li><em>Il ne comprend pas&nbsp;: autres frais p\u00e9dagogiques li\u00e9s \u00e0 la formation (abonnements de veille, livrables autres que les supports p\u00e9dagogiques\u2026), les repas pris durant la formation.<\/em><\/li><\/ul>\n\n\n\n<p><strong>Modalit\u00e9s de financement<\/strong><\/p>\n\n\n\n<p>Divers types de financements : Finance individuelle ; Charge en OPCO ; P\u00f4le Emploi ; CPF\u2026n\u2019h\u00e9sitez pas \u00e0 nous contacter pour des pr\u00e9cisions et undevise.<\/p>\n\n\n\n<p><strong><em><strong><em>NB&nbsp;<\/em><\/strong><\/em><\/strong>&nbsp;: Conditions et conditions de formation des financiers&nbsp;<em>via<\/em>&nbsp;CPF : Conformit\u00e9 et attestation sur l\u2019honneur qui confirme droit du titulaire \u00e0 mobiliser ses droits : https:\/\/www.moncompteformation.gouv.fr\/espace-public\/conditions \u2013 particuli\u00e8res- titulaires<\/p>\n\n\n\n<ul><li><strong>C\u2019est difficile et difficile \u00e0 activer, c\u2019est simple \u00e0 utiliser, c\u2019est simple \u00e0 utiliser, c\u2019est un guide de connexion, c\u2019est une plateforme et c\u2019est une technique solitaire, c\u2019est un t\u00e9l\u00e9phone<\/strong>&nbsp;.<\/li><\/ul>\n\n\n\n<p><strong>Contact \/coordonn\u00e9es<\/strong><\/p>\n\n\n\n<p>EDUSTAR<\/p>\n\n\n\n<p>148, Boulevard Mass\u00e9na \u2013 75013 &nbsp;PARIS<\/p>\n\n\n\n<p>Par t\u00e9l\u00e9phone : 06 52 77 99 19<\/p>\n\n\n\n<p>Par mail :&nbsp;contact@edustar.fr<\/p>\n\n\n\n<p><\/p>\n\n\n\n<p><\/p>\n\n\n\n<p><em>actualis\u00e9 le : 22\/06\/2024<\/em><\/p>\n","protected":false},"excerpt":{"rendered":"<p>PR\u00c9PARER DES BUBBLES TEAS ET DES MOCKTAILS RS 6412&#038;nbsp &hellip;<\/p>\n<p class=\"read-more\"> <a class=\"\" href=\"https:\/\/edustar.fr\/?page_id=25332\"> <span class=\"screen-reader-text\">RS 6412 Pr\u00e9parer des bubble teas et des mocktails<\/span> \u67e5\u770b\u5168\u6587 &raquo;<\/a><\/p>\n","protected":false},"author":1,"featured_media":0,"parent":0,"menu_order":0,"comment_status":"closed","ping_status":"closed","template":"","meta":[],"_links":{"self":[{"href":"https:\/\/edustar.fr\/index.php?rest_route=\/wp\/v2\/pages\/25332"}],"collection":[{"href":"https:\/\/edustar.fr\/index.php?rest_route=\/wp\/v2\/pages"}],"about":[{"href":"https:\/\/edustar.fr\/index.php?rest_route=\/wp\/v2\/types\/page"}],"author":[{"embeddable":true,"href":"https:\/\/edustar.fr\/index.php?rest_route=\/wp\/v2\/users\/1"}],"replies":[{"embeddable":true,"href":"https:\/\/edustar.fr\/index.php?rest_route=%2Fwp%2Fv2%2Fcomments&post=25332"}],"version-history":[{"count":15,"href":"https:\/\/edustar.fr\/index.php?rest_route=\/wp\/v2\/pages\/25332\/revisions"}],"predecessor-version":[{"id":25552,"href":"https:\/\/edustar.fr\/index.php?rest_route=\/wp\/v2\/pages\/25332\/revisions\/25552"}],"wp:attachment":[{"href":"https:\/\/edustar.fr\/index.php?rest_route=%2Fwp%2Fv2%2Fmedia&parent=25332"}],"curies":[{"name":"wp","href":"https:\/\/api.w.org\/{rel}","templated":true}]}}