{"id":25453,"date":"2024-07-10T14:06:39","date_gmt":"2024-07-10T12:06:39","guid":{"rendered":"http:\/\/edustar.fr\/?page_id=25453"},"modified":"2024-07-10T14:35:12","modified_gmt":"2024-07-10T12:35:12","slug":"francais-2","status":"publish","type":"page","link":"https:\/\/edustar.fr\/?page_id=25453","title":{"rendered":"FRAN\u00c7AIS"},"content":{"rendered":"\n<p><strong>\u00ab&nbsp;Fran\u00e7ais langue \u00e9trang\u00e8re&nbsp;\u00bb<\/strong><\/p>\n\n\n\n<p><strong>Pr\u00e9sentation<\/strong><\/p>\n\n\n\n<p>Nous offrons des cours intensifs de pr\u00e9paration aux examens A2, B1, visant \u00e0 soutenir les apprenants dans la r\u00e9ussite de leurs examens, tout en renfor\u00e7ant leurs comp\u00e9tences linguistiques en fran\u00e7ais. Ces cours sont con\u00e7us pour faciliter l\u2019int\u00e9gration des apprenants dans la vie fran\u00e7aise en d\u00e9veloppant leur ma\u00eetrise de la langue et en les pr\u00e9parant aux diff\u00e9rentes \u00e9preuves d\u2019\u00e9valuation.<\/p>\n\n\n\n<p><strong>Niveau A2 B1<\/strong><\/p>\n\n\n\n<p><em>\u2013 Dur\u00e9e&nbsp;: 70heurs<\/em><\/p>\n\n\n\n<div class=\"wp-block-buttons aligncenter\">\n<div class=\"wp-block-button\"><a class=\"wp-block-button__link\" href=\"https:\/\/edustar.fr\/?page_id=25455\">NIVEAU A2<\/a><\/div>\n\n\n\n<div class=\"wp-block-button\"><a class=\"wp-block-button__link\" href=\"http:\/\/edustar.fr\/?page_id=25460\">NIVEAU B1<\/a><\/div>\n<\/div>\n\n\n\n<ul><li><strong>Modalit\u00e9s d\u2019acc\u00e8s aux plateformes en ligne<\/strong>&nbsp;<strong>:<\/strong><\/li><\/ul>\n\n\n\n<p>Connexion au cours :&nbsp;<a rel=\"noreferrer noopener\" href=\"https:\/\/sceformation.com\/connexion-au-cours\/\" target=\"_blank\">cliquez-ici<\/a>&nbsp;<a href=\"https:\/\/cours.sceformation.com\/\">https:\/\/cours.sceformation.com\/<\/a><\/p>\n\n\n\n<p>Informations concernant les s\u00e9ances de cours :&nbsp;<a href=\"https:\/\/sceformation.com\/comment-se-connecter-au-cours\/\" target=\"_blank\" rel=\"noreferrer noopener\">cliquez-ici<\/a><\/p>\n\n\n\n<p><strong>TARIFS<\/strong> <\/p>\n\n\n\n<p>Formation en visio : 22\u20ac\/heures soit 1540\u20ac en total.<\/p>\n\n\n\n<p>Formation en pr\u00e9sentiel : 30\u20ac\/heures soit 2100\u20ac en total.<\/p>\n\n\n\n<p>L\u2019adresse de formation : 148 bd Mass\u00e9na 75013 Paris<\/p>\n\n\n\n<p><strong>Effectif de la formation<\/strong><\/p>\n\n\n\n<p>De 4 \u00e0 10 participants<\/p>\n\n\n\n<p>Session et horaire de formation \u00e0 choisir en cliquant le bouton \u00ab&nbsp;INSCRIPTION&nbsp;\u00bb de chaque niveau:  <\/p>\n\n\n\n<p>                                                                                                                                 <a rel=\"noreferrer noopener\" href=\"https:\/\/sceformation.com\/zh\/entreprises-puissent-demander-une-formation-du-francais-2\/\" target=\"_blank\">INSCRIPTION<\/a><\/p>\n\n\n\n<p><strong>PREREQUIS<\/strong><\/p>\n\n\n\n<p>Pour cette formation, il y a un pr\u00e9requis :<\/p>\n\n\n\n<p>Un test de niveau sera effectuer pour d\u00e9terminer la formation adapt\u00e9e \u00e0 votre niveau.<\/p>\n\n\n\n<p><strong>Mat\u00e9riels n\u00e9cessaires<\/strong><\/p>\n\n\n\n<p>En pr\u00e9sentiel : Une salle de r\u00e9union&nbsp;ou un espace de travail collectif, ordinateur ou vid\u00e9o projecteur.<\/p>\n\n\n\n<p>En Visio : L\u2019ordinateur, la tablette, ou le t\u00e9l\u00e9phone, avec r\u00e9seau connect\u00e9<\/p>\n\n\n\n<p>En cas de probl\u00e8me de reseau ou de connection :<\/p>\n\n\n\n<p>contacter Madame ZHAO Yang par t\u00e9l\u00e9phone : 01 45 84 30 53 \/ 06 52 77 99 19<\/p>\n\n\n\n<p><strong>Modalit\u00e9s d\u2019\u00e9valuation<\/strong><\/p>\n\n\n\n<p>\u00c9valuation individuelle de connaissance, analyse de la situation et entretien selon cas en&nbsp;d\u00e9but de formation. \u00c9valuation corrig\u00e9e automatiquement \u00e0 la fin de formation : test QCM en ligne pendant une demie heure.&nbsp;<\/p>\n\n\n\n<p><strong>Modalit\u00e9 d\u2019\u00e9valuation de l\u2019appr\u00e9ciation des participants:<\/strong><\/p>\n\n\n\n<p>Enqu\u00eate de satisfaction \u00e0 la fin de formation num\u00e9rique (par mail)<\/p>\n\n\n\n<p><strong>Demande de formation<\/strong><\/p>\n\n\n\n<p>Les clients doivent faire la demande de formation 10 jours avant la date de la mise en place de la s\u00e9ance de formation. En cas de formation urgente, contacter Edustar et pr\u00e9ciser les d\u00e9tails.<\/p>\n\n\n\n<p><strong>Contact :<\/strong><\/p>\n\n\n\n<p>Telephone : 0652779919<\/p>\n\n\n\n<p>Mail : contact@edustar.fr<\/p>\n\n\n\n<p><strong>handicap :<\/strong><\/p>\n\n\n\n<p>pour plus d\u2019information, veuillez chercher les notions de handicap dans le menu de formation souhait\u00e9.<\/p>\n\n\n\n<p>sinon contactez nous gr\u00e2ce aux informations de contact ci-dessus<\/p>\n\n\n\n<p>Mail: contact@edustar.fr<\/p>\n\n\n\n<p>Tel: 06 52 77 99 19<\/p>\n","protected":false},"excerpt":{"rendered":"<p>\u00ab&nbsp;Fran\u00e7ais langue \u00e9trang\u00e8re&nbsp;\u00bb Pr\u00e9sentation No &hellip;<\/p>\n<p class=\"read-more\"> <a class=\"\" href=\"https:\/\/edustar.fr\/?page_id=25453\"> <span class=\"screen-reader-text\">FRAN\u00c7AIS<\/span> \u67e5\u770b\u5168\u6587 &raquo;<\/a><\/p>\n","protected":false},"author":1,"featured_media":0,"parent":0,"menu_order":0,"comment_status":"closed","ping_status":"closed","template":"","meta":[],"_links":{"self":[{"href":"https:\/\/edustar.fr\/index.php?rest_route=\/wp\/v2\/pages\/25453"}],"collection":[{"href":"https:\/\/edustar.fr\/index.php?rest_route=\/wp\/v2\/pages"}],"about":[{"href":"https:\/\/edustar.fr\/index.php?rest_route=\/wp\/v2\/types\/page"}],"author":[{"embeddable":true,"href":"https:\/\/edustar.fr\/index.php?rest_route=\/wp\/v2\/users\/1"}],"replies":[{"embeddable":true,"href":"https:\/\/edustar.fr\/index.php?rest_route=%2Fwp%2Fv2%2Fcomments&post=25453"}],"version-history":[{"count":3,"href":"https:\/\/edustar.fr\/index.php?rest_route=\/wp\/v2\/pages\/25453\/revisions"}],"predecessor-version":[{"id":25465,"href":"https:\/\/edustar.fr\/index.php?rest_route=\/wp\/v2\/pages\/25453\/revisions\/25465"}],"wp:attachment":[{"href":"https:\/\/edustar.fr\/index.php?rest_route=%2Fwp%2Fv2%2Fmedia&parent=25453"}],"curies":[{"name":"wp","href":"https:\/\/api.w.org\/{rel}","templated":true}]}}